{"id":15,"date":"2023-03-22T13:06:42","date_gmt":"2023-03-22T16:06:42","guid":{"rendered":"https:\/\/casabellaitaipava.com.br\/casabella\/?page_id=15"},"modified":"2023-03-25T11:29:07","modified_gmt":"2023-03-25T14:29:07","slug":"eletro-hidraulica","status":"publish","type":"page","link":"https:\/\/casabellaitaipava.com.br\/casabella\/eletro-hidraulica\/","title":{"rendered":"Eletro-Hidr\u00e1ulica"},"content":{"rendered":"<div class=\"sec_content_main_title\" style=\"text-align:center; color:#CF8E3A\"><span class=\"sub-title-head\" style=\"text-align:center;\">Materiais el\u00e9tricos e ac\u00fasticos para o seu projeto:<\/span>MATERIAIS HIDR\u00c1ULICOS<\/div>\n<p>Na <strong>Casabella Itaipava<\/strong> voc\u00ea encontra qualidade dos melhores fornecedores de <strong>acess\u00f3rios<\/strong>, <strong>tubos<\/strong> e <strong>conex\u00f5es para \u00e1gua<\/strong>, <strong>g\u00e1s<\/strong> e <strong>saneamento<\/strong>, destacando:<\/p>\n<div class=\"su-table su-table-alternate\">\n<table>\n<tbody>\n<tr>\n<td>Tubos para rede de \u00e1gua fria:<\/td>\n<td>Tubos para rede de \u00e1gua quente:<\/td>\n<\/tr>\n<tr>\n<td>Tubos condu\u00e7\u00e3o de g\u00e1s<\/td>\n<td>Conex\u00f5es redes frias \/ quente<\/td>\n<\/tr>\n<tr>\n<td>Tubos para rede de esgoto<\/td>\n<td>Conex\u00f5es cobre ou PPR<\/td>\n<\/tr>\n<tr>\n<td>Tubos condu\u00e7\u00e3o de g\u00e1s<\/td>\n<td>Conex\u00f5es redes frias \/ quente<\/td>\n<\/tr>\n<tr>\n<td>Tubos condu\u00e7\u00e3o de g\u00e1s<\/td>\n<td>Conex\u00f5es redes frias \/ quente<\/td>\n<\/tr>\n<\/tbody>\n<\/table>\n<\/div>\n<div class=\"sec_content_main_title\" style=\"text-align:center; color:#CF8E3A\"><span class=\"sub-title-head\" style=\"text-align:center;\">Materiais el\u00e9tricos e ac\u00fasticos para o seu projeto:<\/span>MATERIAIS EL\u00c9TRICOS<\/div>\n<p>Na <strong>Casabella Itaipava<\/strong> voc\u00ea encontra <strong>cabos<\/strong>, <strong>fios<\/strong>, e demais acess\u00f3rios para <strong>instala\u00e7\u00f5es el\u00e9tricas profissionais<\/strong>, incluindo l\u00e2mpadas diversas, pelos melhores pre\u00e7os de Petr\u00f3polis, destacando:<\/p>\n<div class=\"su-table su-table-alternate\">\n<table>\n<tbody>\n<tr>\n<td>Fios, cabos e conectores<\/td>\n<td>Interruptores e espelhos<\/td>\n<\/tr>\n<tr>\n<td>L\u00e2mpadas<\/td>\n<td>Conex\u00f5es redes frias \/ quente<\/td>\n<\/tr>\n<\/tbody>\n<\/table>\n<\/div>\n<blockquote>\n<h2><strong>A Casabella Itaipava tem materiais el\u00e9tricos e hidr\u00e1ulicos &#8211; incluindo tubos e conex\u00f5es para rede de \u00e1gua quente ou fria, com entrega \u00e1gil e os melhores pre\u00e7os da regi\u00e3o!<\/strong><\/h2>\n<div class=\"su-image-carousel  su-image-carousel-has-spacing su-image-carousel-crop su-image-carousel-crop-4-3 su-image-carousel-has-outline su-image-carousel-adaptive su-image-carousel-slides-style-default su-image-carousel-controls-style-dark su-image-carousel-align-none\" style=\"\" data-flickity-options='{\"groupCells\":true,\"cellSelector\":\".su-image-carousel-item\",\"adaptiveHeight\":false,\"cellAlign\":\"left\",\"prevNextButtons\":true,\"pageDots\":true,\"autoPlay\":5000,\"imagesLoaded\":true,\"contain\":true,\"selectedAttraction\":0.025000000000000001387778780781445675529539585113525390625,\"friction\":0.2800000000000000266453525910037569701671600341796875}' id=\"su_image_carousel_69e1166594627\"><div class=\"su-image-carousel-item\"><div class=\"su-image-carousel-item-content\"><img loading=\"lazy\" decoding=\"async\" width=\"960\" height=\"720\" src=\"https:\/\/casabellaitaipava.com.br\/casabella\/wp-content\/uploads\/2023\/03\/004.jpg\" class=\"\" alt=\"Loja de Materiais el\u00e9tricos em Itaipava\" srcset=\"https:\/\/casabellaitaipava.com.br\/casabella\/wp-content\/uploads\/2023\/03\/004.jpg 960w, https:\/\/casabellaitaipava.com.br\/casabella\/wp-content\/uploads\/2023\/03\/004-300x225.jpg 300w, https:\/\/casabellaitaipava.com.br\/casabella\/wp-content\/uploads\/2023\/03\/004-768x576.jpg 768w\" sizes=\"auto, (max-width: 960px) 100vw, 960px\" \/><\/div><\/div><div class=\"su-image-carousel-item\"><div class=\"su-image-carousel-item-content\"><img loading=\"lazy\" decoding=\"async\" width=\"960\" height=\"720\" src=\"https:\/\/casabellaitaipava.com.br\/casabella\/wp-content\/uploads\/2023\/03\/018.jpg\" class=\"\" alt=\"Casabella Itaipava Revestimentos e Aquecimento de \u00c1gua\" srcset=\"https:\/\/casabellaitaipava.com.br\/casabella\/wp-content\/uploads\/2023\/03\/018.jpg 960w, https:\/\/casabellaitaipava.com.br\/casabella\/wp-content\/uploads\/2023\/03\/018-300x225.jpg 300w, https:\/\/casabellaitaipava.com.br\/casabella\/wp-content\/uploads\/2023\/03\/018-768x576.jpg 768w\" sizes=\"auto, (max-width: 960px) 100vw, 960px\" \/><\/div><\/div><div class=\"su-image-carousel-item\"><div class=\"su-image-carousel-item-content\"><img loading=\"lazy\" decoding=\"async\" width=\"960\" height=\"720\" src=\"https:\/\/casabellaitaipava.com.br\/casabella\/wp-content\/uploads\/2023\/03\/019.jpg\" class=\"\" alt=\"LOJA DE MATERIAIS HIDRAULICOS EM PETROPOLIS\" srcset=\"https:\/\/casabellaitaipava.com.br\/casabella\/wp-content\/uploads\/2023\/03\/019.jpg 960w, https:\/\/casabellaitaipava.com.br\/casabella\/wp-content\/uploads\/2023\/03\/019-300x225.jpg 300w, https:\/\/casabellaitaipava.com.br\/casabella\/wp-content\/uploads\/2023\/03\/019-768x576.jpg 768w\" sizes=\"auto, (max-width: 960px) 100vw, 960px\" \/><\/div><\/div><\/div><script id=\"su_image_carousel_69e1166594627_script\">if(window.SUImageCarousel){setTimeout(function() {window.SUImageCarousel.initGallery(document.getElementById(\"su_image_carousel_69e1166594627\"))}, 0);}var su_image_carousel_69e1166594627_script=document.getElementById(\"su_image_carousel_69e1166594627_script\");if(su_image_carousel_69e1166594627_script){su_image_carousel_69e1166594627_script.parentNode.removeChild(su_image_carousel_69e1166594627_script);}<\/script><\/blockquote>\n<p>&nbsp;<\/p>\n","protected":false},"excerpt":{"rendered":"<p>Na Casabella Itaipava voc\u00ea encontra qualidade dos melhores fornecedores de acess\u00f3rios, tubos e conex\u00f5es para \u00e1gua, g\u00e1s e saneamento, destacando: Na Casabella Itaipava voc\u00ea encontra cabos, fios, e demais acess\u00f3rios para instala\u00e7\u00f5es el\u00e9tricas profissionais, incluindo l\u00e2mpadas diversas, pelos melhores pre\u00e7os de Petr\u00f3polis, destacando: A Casabella Itaipava tem materiais el\u00e9tricos e hidr\u00e1ulicos &#8211; incluindo tubos e conex\u00f5es para rede de \u00e1gua quente ou fria, com entrega \u00e1gil e os melhores pre\u00e7os da regi\u00e3o! &nbsp;<\/p>\n","protected":false},"author":1,"featured_media":0,"parent":0,"menu_order":0,"comment_status":"closed","ping_status":"closed","template":"","meta":{"footnotes":""},"class_list":["post-15","page","type-page","status-publish","hentry"],"_links":{"self":[{"href":"https:\/\/casabellaitaipava.com.br\/casabella\/wp-json\/wp\/v2\/pages\/15","targetHints":{"allow":["GET"]}}],"collection":[{"href":"https:\/\/casabellaitaipava.com.br\/casabella\/wp-json\/wp\/v2\/pages"}],"about":[{"href":"https:\/\/casabellaitaipava.com.br\/casabella\/wp-json\/wp\/v2\/types\/page"}],"author":[{"embeddable":true,"href":"https:\/\/casabellaitaipava.com.br\/casabella\/wp-json\/wp\/v2\/users\/1"}],"replies":[{"embeddable":true,"href":"https:\/\/casabellaitaipava.com.br\/casabella\/wp-json\/wp\/v2\/comments?post=15"}],"version-history":[{"count":15,"href":"https:\/\/casabellaitaipava.com.br\/casabella\/wp-json\/wp\/v2\/pages\/15\/revisions"}],"predecessor-version":[{"id":174,"href":"https:\/\/casabellaitaipava.com.br\/casabella\/wp-json\/wp\/v2\/pages\/15\/revisions\/174"}],"wp:attachment":[{"href":"https:\/\/casabellaitaipava.com.br\/casabella\/wp-json\/wp\/v2\/media?parent=15"}],"curies":[{"name":"wp","href":"https:\/\/api.w.org\/{rel}","templated":true}]}}