{"id":17,"date":"2023-03-22T13:06:50","date_gmt":"2023-03-22T16:06:50","guid":{"rendered":"https:\/\/casabellaitaipava.com.br\/casabella\/?page_id=17"},"modified":"2023-03-30T18:27:52","modified_gmt":"2023-03-30T21:27:52","slug":"empresa","status":"publish","type":"page","link":"https:\/\/casabellaitaipava.com.br\/casabella\/empresa\/","title":{"rendered":"Empresa"},"content":{"rendered":"<div class=\"sec_content_main_title\" style=\"text-align:center; color:#CF8E3A\"><span class=\"sub-title-head\" style=\"text-align:center;\">Conhe\u00e7a mais sobre a empresa:<\/span>SOBRE A CASABELLA ITAIPAVA<\/div>\n<p>Sediada em Itaipava, Petr\u00f3polis, RJ, a <strong>Casabella Itaipava<\/strong> \u00e9 refer\u00eancia em <a href=\"https:\/\/casabellaitaipava.com.br\/casabella\/aquecimento\/\"><strong>aquecimento de \u00e1gua<\/strong><\/a> &#8211; inclusive sistemas para <a href=\"https:\/\/casabellaitaipava.com.br\/casabella\/aquecimento\/\">piscinas aquecidas<\/a> &#8211; al\u00e9m de setor de <a href=\"https:\/\/casabellaitaipava.com.br\/casabella\/revestimento\/\">revestimentos cer\u00e2micos<\/a>, com destaque para <a href=\"https:\/\/casabellaitaipava.com.br\/casabella\/revestimento\/\">ladrilhos hidr\u00e1ulicos<\/a>, <a href=\"https:\/\/casabellaitaipava.com.br\/casabella\/revestimento\/\">cer\u00e2mica r\u00fasticas<\/a>, <a href=\"https:\/\/casabellaitaipava.com.br\/casabella\/revestimento\/\">pastilhas hidr\u00e1ulicas<\/a> e <a href=\"https:\/\/casabellaitaipava.com.br\/casabella\/material-atermico\/\">pisos at\u00e9rmicos<\/a>.<br \/>\nAl\u00e9m disso, a empresa conta com setor especializado em materiais hidr\u00e1ulicos e el\u00e9trico, com amplo estoque de tubos e conex\u00f5es.<\/p>\n<p>A empresa <strong>atende a arquitetos<\/strong>, <strong>engenheiros<\/strong> e <strong>cliente final<\/strong>, com assist\u00eancia t\u00e9cnica especializada, fornecendo solu\u00e7\u00f5es completas, pre\u00e7os direto das f\u00e1bricas e atendimento impec\u00e1vel.<br \/>\nCom clientes em Petr\u00f3polis, grande Rio e demais cidades do RJ, a empresa tamb\u00e9m atua\u00a0 &#8211; em caso de obras espec\u00edficas &#8211; em diversas cidades de MG e SP.<\/p>\n<p>A <strong>Casabella Itaipava <\/strong>\u00e9 reconhecida por fornecer solu\u00e7\u00e3o completas em revestimentos, com setor de produtos para <a href=\"https:\/\/casabellaitaipava.com.br\/casabella\/aquecimento\/\"><strong>aquecimento de \u00e1gua<\/strong><\/a>, que conta ainda com <strong>servi\u00e7os de instala\u00e7\u00e3o<\/strong> e suporte de loja pr\u00f3pria de produtos hidr\u00e1ulicos e el\u00e9tricos.<\/p>\n<p>No <a href=\"https:\/\/casabellaitaipava.com.br\/casabella\/revestimento\/\"><strong>setor de revestimentos<\/strong><\/a>, a empresa se destaca por disponibilizar <strong>tijolos e cer\u00e2micas r\u00fasticas direto de olarias<\/strong>, resultando nos melhores pre\u00e7os, al\u00e9m da venda de revestimentos de alto padr\u00e3o da <a href=\"https:\/\/casabellaitaipava.com.br\/casabella\/principais-parceiros\/\"><strong>Orbis do Brasil<\/strong><\/a>, <strong><a href=\"https:\/\/casabellaitaipava.com.br\/casabella\/principais-parceiros\/\">Rinnai<\/a><\/strong>, <strong><a href=\"https:\/\/casabellaitaipava.com.br\/casabella\/principais-parceiros\/\">Cer\u00e2mica Santa Alda<\/a><\/strong>, <strong><a href=\"https:\/\/casabellaitaipava.com.br\/casabella\/principais-parceiros\/\">Eliane Revestimentos<\/a><\/strong>, <a href=\"https:\/\/casabellaitaipava.com.br\/casabella\/principais-parceiros\/\"><strong>Elizabeth<\/strong> <strong>Revestimentos<\/strong><\/a>, <strong><a href=\"https:\/\/casabellaitaipava.com.br\/casabella\/principais-parceiros\/\">Ladrilhos Barbacena<\/a><\/strong>, <strong><a href=\"https:\/\/casabellaitaipava.com.br\/casabella\/principais-parceiros\/\">Ninna Martinelli<\/a><\/strong>, <strong><a href=\"https:\/\/casabellaitaipava.com.br\/casabella\/principais-parceiros\/\">Lepri Ceramica<\/a><\/strong> e <strong><a href=\"https:\/\/casabellaitaipava.com.br\/casabella\/principais-parceiros\/\">Jatob\u00e1 Revestimentos<\/a><\/strong>, al\u00e9m de <a href=\"https:\/\/casabellaitaipava.com.br\/casabella\/material-atermico\/\">fabrica\u00e7\u00e3o pr\u00f3pria de <strong>material at\u00e9rmico<\/strong><\/a>, sob encomenda.<\/p>\n<p>Na Linha de aquecimento de \u00e1gua, al\u00e9m de fornecer produtos completos com a alta qualidade, destacando <strong><a href=\"https:\/\/casabellaitaipava.com.br\/casabella\/principais-parceiros\/\">Orbis<\/a>, <a href=\"https:\/\/casabellaitaipava.com.br\/casabella\/principais-parceiros\/\">Rinnai<\/a>, <a href=\"https:\/\/casabellaitaipava.com.br\/casabella\/principais-parceiros\/\">Unisol<\/a>, <a href=\"https:\/\/casabellaitaipava.com.br\/casabella\/principais-parceiros\/\">Light Tech<\/a>, <a href=\"https:\/\/casabellaitaipava.com.br\/casabella\/principais-parceiros\/\">Kisoltec<\/a>, <a href=\"https:\/\/casabellaitaipava.com.br\/casabella\/principais-parceiros\/\">Tempersol<\/a>, <a href=\"https:\/\/casabellaitaipava.com.br\/casabella\/principais-parceiros\/\">Soletrol<\/a>, <\/strong>a empresa\u00a0 disponibiliza ainda <strong>servi\u00e7o especializado de instala\u00e7\u00e3o de sistemas de aquecimento de \u00e1gua &#8211; \u00e0 g\u00e1s ou solar<\/strong>.<\/p>\n<p>Em constante sintonia com lan\u00e7amentos e tend\u00eancias no setor,\u00a0 a empresa \u00e9 apta a atender clientes exigentes que buscam <strong>solu\u00e7\u00f5es de alto padr\u00e3o<\/strong> que re\u00fana est\u00e9tica primorosa, alta durabilidade, resist\u00eancia e eleg\u00e2ncia, com foco em produ\u00e7\u00e3o sustent\u00e1vel com ecologicamente respons\u00e1vel, sem abrir m\u00e3o do requinte e conforto.<\/p>\n<blockquote>\n<h2><strong>Na hora de construir ou reformar, agregue ainda mais valor a seu projeto: contrate a Casabella Itaipava e conte com nossos especialistas!<\/strong><\/h2>\n<\/blockquote>\n<div class=\"su-image-carousel  su-image-carousel-has-spacing su-image-carousel-crop su-image-carousel-crop-4-3 su-image-carousel-has-outline su-image-carousel-adaptive su-image-carousel-slides-style-default su-image-carousel-controls-style-dark su-image-carousel-align-none\" style=\"\" data-flickity-options='{\"groupCells\":true,\"cellSelector\":\".su-image-carousel-item\",\"adaptiveHeight\":false,\"cellAlign\":\"left\",\"prevNextButtons\":true,\"pageDots\":true,\"autoPlay\":5000,\"imagesLoaded\":true,\"contain\":true,\"selectedAttraction\":0.025000000000000001387778780781445675529539585113525390625,\"friction\":0.2800000000000000266453525910037569701671600341796875}' id=\"su_image_carousel_69e11a0f4402f\"><div class=\"su-image-carousel-item\"><div class=\"su-image-carousel-item-content\"><img loading=\"lazy\" decoding=\"async\" width=\"800\" height=\"600\" src=\"https:\/\/casabellaitaipava.com.br\/casabella\/wp-content\/uploads\/2023\/03\/SAM_0679_b.jpg\" class=\"\" alt=\"Casabella Itaipava\" srcset=\"https:\/\/casabellaitaipava.com.br\/casabella\/wp-content\/uploads\/2023\/03\/SAM_0679_b.jpg 800w, https:\/\/casabellaitaipava.com.br\/casabella\/wp-content\/uploads\/2023\/03\/SAM_0679_b-300x225.jpg 300w, https:\/\/casabellaitaipava.com.br\/casabella\/wp-content\/uploads\/2023\/03\/SAM_0679_b-768x576.jpg 768w\" sizes=\"auto, (max-width: 800px) 100vw, 800px\" \/><\/div><\/div><div class=\"su-image-carousel-item\"><div class=\"su-image-carousel-item-content\"><img loading=\"lazy\" decoding=\"async\" width=\"800\" height=\"600\" src=\"https:\/\/casabellaitaipava.com.br\/casabella\/wp-content\/uploads\/2023\/03\/SAM_0692-1.jpg\" class=\"\" alt=\"Casabella Itaipava\" srcset=\"https:\/\/casabellaitaipava.com.br\/casabella\/wp-content\/uploads\/2023\/03\/SAM_0692-1.jpg 800w, https:\/\/casabellaitaipava.com.br\/casabella\/wp-content\/uploads\/2023\/03\/SAM_0692-1-300x225.jpg 300w, https:\/\/casabellaitaipava.com.br\/casabella\/wp-content\/uploads\/2023\/03\/SAM_0692-1-768x576.jpg 768w\" sizes=\"auto, (max-width: 800px) 100vw, 800px\" \/><\/div><\/div><div class=\"su-image-carousel-item\"><div class=\"su-image-carousel-item-content\"><img loading=\"lazy\" decoding=\"async\" width=\"800\" height=\"600\" src=\"https:\/\/casabellaitaipava.com.br\/casabella\/wp-content\/uploads\/2023\/03\/SAM_0709.jpg\" class=\"\" alt=\"Casabella Itaipava\" srcset=\"https:\/\/casabellaitaipava.com.br\/casabella\/wp-content\/uploads\/2023\/03\/SAM_0709.jpg 800w, https:\/\/casabellaitaipava.com.br\/casabella\/wp-content\/uploads\/2023\/03\/SAM_0709-300x225.jpg 300w, https:\/\/casabellaitaipava.com.br\/casabella\/wp-content\/uploads\/2023\/03\/SAM_0709-768x576.jpg 768w\" sizes=\"auto, (max-width: 800px) 100vw, 800px\" \/><\/div><\/div><div class=\"su-image-carousel-item\"><div class=\"su-image-carousel-item-content\"><img loading=\"lazy\" decoding=\"async\" width=\"800\" height=\"600\" src=\"https:\/\/casabellaitaipava.com.br\/casabella\/wp-content\/uploads\/2023\/03\/SAM_0697-1.jpg\" class=\"\" alt=\"Casabella Itaipava\" srcset=\"https:\/\/casabellaitaipava.com.br\/casabella\/wp-content\/uploads\/2023\/03\/SAM_0697-1.jpg 800w, https:\/\/casabellaitaipava.com.br\/casabella\/wp-content\/uploads\/2023\/03\/SAM_0697-1-300x225.jpg 300w, https:\/\/casabellaitaipava.com.br\/casabella\/wp-content\/uploads\/2023\/03\/SAM_0697-1-768x576.jpg 768w\" sizes=\"auto, (max-width: 800px) 100vw, 800px\" \/><\/div><\/div><\/div><script id=\"su_image_carousel_69e11a0f4402f_script\">if(window.SUImageCarousel){setTimeout(function() {window.SUImageCarousel.initGallery(document.getElementById(\"su_image_carousel_69e11a0f4402f\"))}, 0);}var su_image_carousel_69e11a0f4402f_script=document.getElementById(\"su_image_carousel_69e11a0f4402f_script\");if(su_image_carousel_69e11a0f4402f_script){su_image_carousel_69e11a0f4402f_script.parentNode.removeChild(su_image_carousel_69e11a0f4402f_script);}<\/script>\n<p><img loading=\"lazy\" decoding=\"async\" class=\"aligncenter wp-image-107 size-full\" src=\"https:\/\/casabellaitaipava.com.br\/casabella\/wp-content\/uploads\/2023\/03\/footer2.png\" alt=\"\" width=\"435\" height=\"309\" srcset=\"https:\/\/casabellaitaipava.com.br\/casabella\/wp-content\/uploads\/2023\/03\/footer2.png 435w, https:\/\/casabellaitaipava.com.br\/casabella\/wp-content\/uploads\/2023\/03\/footer2-300x213.png 300w\" sizes=\"auto, (max-width: 435px) 100vw, 435px\" \/><\/p>\n\t\t<div id=\"instagram-gallery-feed-2\" class=\"instagram-gallery-feed\" data-feed=\"{&quot;id&quot;:2,&quot;account_id&quot;:&quot;17841411528332193&quot;,&quot;source&quot;:&quot;username&quot;,&quot;tag&quot;:&quot;wordpress&quot;,&quot;order_by&quot;:&quot;top_media&quot;,&quot;layout&quot;:&quot;carousel&quot;,&quot;limit&quot;:50,&quot;columns&quot;:3,&quot;spacing&quot;:20,&quot;lazy&quot;:false,&quot;responsive&quot;:{&quot;desktop&quot;:{&quot;columns&quot;:3,&quot;spacing&quot;:10},&quot;tablet&quot;:{&quot;columns&quot;:2,&quot;spacing&quot;:8},&quot;mobile&quot;:{&quot;columns&quot;:1,&quot;spacing&quot;:6},&quot;breakpoints&quot;:{&quot;tablet&quot;:768,&quot;mobile&quot;:480}},&quot;aspect_ratio&quot;:{&quot;width&quot;:1,&quot;height&quot;:1},&quot;highlight&quot;:{&quot;tag&quot;:&quot;&quot;,&quot;id&quot;:&quot;&quot;,&quot;position&quot;:&quot;1,3,5&quot;},&quot;reel&quot;:{&quot;hide&quot;:false},&quot;copyright&quot;:{&quot;hide&quot;:false,&quot;placeholder&quot;:&quot;&quot;},&quot;profile&quot;:{&quot;display&quot;:false,&quot;username&quot;:&quot;&quot;,&quot;nickname&quot;:&quot;&quot;,&quot;website&quot;:&quot;&quot;,&quot;biography&quot;:&quot;&quot;,&quot;link_text&quot;:&quot;Follow&quot;,&quot;website_text&quot;:&quot;Website&quot;,&quot;avatar&quot;:&quot;&quot;},&quot;box&quot;:{&quot;display&quot;:false,&quot;padding&quot;:1,&quot;radius&quot;:0,&quot;background&quot;:&quot;#fefefe&quot;,&quot;profile&quot;:false,&quot;desc&quot;:&quot;&quot;,&quot;text_color&quot;:&quot;#000000&quot;},&quot;mask&quot;:{&quot;display&quot;:true,&quot;background&quot;:&quot;#000000&quot;,&quot;icon_color&quot;:&quot;#ffffff&quot;,&quot;likes_count&quot;:true,&quot;comments_count&quot;:true},&quot;card&quot;:{&quot;display&quot;:false,&quot;radius&quot;:1,&quot;font_size&quot;:12,&quot;background&quot;:&quot;#ffffff&quot;,&quot;background_hover&quot;:&quot;&quot;,&quot;text_color&quot;:&quot;#000000&quot;,&quot;padding&quot;:5,&quot;likes_count&quot;:true,&quot;text_length&quot;:10,&quot;comments_count&quot;:true,&quot;text_align&quot;:&quot;left&quot;},&quot;carousel&quot;:{&quot;centered_slides&quot;:false,&quot;autoplay&quot;:true,&quot;autoplay_interval&quot;:3000,&quot;navarrows&quot;:true,&quot;navarrows_color&quot;:&quot;&quot;,&quot;pagination&quot;:true,&quot;pagination_color&quot;:&quot;&quot;},&quot;modal&quot;:{&quot;display&quot;:true,&quot;profile&quot;:false,&quot;media_description&quot;:true,&quot;likes_count&quot;:true,&quot;comments_count&quot;:true,&quot;comments_list&quot;:false,&quot;text_align&quot;:&quot;left&quot;,&quot;modal_align&quot;:&quot;right&quot;,&quot;text_length&quot;:10000,&quot;font_size&quot;:12},&quot;button&quot;:{&quot;display&quot;:true,&quot;text&quot;:&quot;Ver + fotos Instagram&quot;,&quot;text_color&quot;:&quot;#ffff&quot;,&quot;background&quot;:&quot;&quot;,&quot;background_hover&quot;:&quot;&quot;},&quot;button_load&quot;:{&quot;display&quot;:false,&quot;text&quot;:&quot;Load more...&quot;,&quot;text_color&quot;:&quot;#ffff&quot;,&quot;background&quot;:&quot;&quot;,&quot;background_hover&quot;:&quot;&quot;}}\">\n\t\t<!-- <FeedContainer\/> -->\n\t\t<\/div>\n\t\t\n","protected":false},"excerpt":{"rendered":"<p>Sediada em Itaipava, Petr\u00f3polis, RJ, a Casabella Itaipava \u00e9 refer\u00eancia em aquecimento de \u00e1gua &#8211; inclusive sistemas para piscinas aquecidas &#8211; al\u00e9m de setor de revestimentos cer\u00e2micos, com destaque para ladrilhos hidr\u00e1ulicos, cer\u00e2mica r\u00fasticas, pastilhas hidr\u00e1ulicas e pisos at\u00e9rmicos. Al\u00e9m disso, a empresa conta com setor especializado em materiais hidr\u00e1ulicos e el\u00e9trico, com amplo estoque de tubos e conex\u00f5es. A empresa atende a arquitetos, engenheiros e cliente final, com assist\u00eancia t\u00e9cnica especializada, fornecendo solu\u00e7\u00f5es completas, pre\u00e7os direto das f\u00e1bricas e atendimento impec\u00e1vel. Com clientes em Petr\u00f3polis, grande Rio e demais cidades do RJ, a empresa tamb\u00e9m atua\u00a0 &#8211; em caso&#8230; <\/p>\n","protected":false},"author":1,"featured_media":0,"parent":0,"menu_order":0,"comment_status":"closed","ping_status":"closed","template":"","meta":{"footnotes":""},"class_list":["post-17","page","type-page","status-publish","hentry"],"_links":{"self":[{"href":"https:\/\/casabellaitaipava.com.br\/casabella\/wp-json\/wp\/v2\/pages\/17","targetHints":{"allow":["GET"]}}],"collection":[{"href":"https:\/\/casabellaitaipava.com.br\/casabella\/wp-json\/wp\/v2\/pages"}],"about":[{"href":"https:\/\/casabellaitaipava.com.br\/casabella\/wp-json\/wp\/v2\/types\/page"}],"author":[{"embeddable":true,"href":"https:\/\/casabellaitaipava.com.br\/casabella\/wp-json\/wp\/v2\/users\/1"}],"replies":[{"embeddable":true,"href":"https:\/\/casabellaitaipava.com.br\/casabella\/wp-json\/wp\/v2\/comments?post=17"}],"version-history":[{"count":8,"href":"https:\/\/casabellaitaipava.com.br\/casabella\/wp-json\/wp\/v2\/pages\/17\/revisions"}],"predecessor-version":[{"id":432,"href":"https:\/\/casabellaitaipava.com.br\/casabella\/wp-json\/wp\/v2\/pages\/17\/revisions\/432"}],"wp:attachment":[{"href":"https:\/\/casabellaitaipava.com.br\/casabella\/wp-json\/wp\/v2\/media?parent=17"}],"curies":[{"name":"wp","href":"https:\/\/api.w.org\/{rel}","templated":true}]}}