{"id":305,"date":"2023-03-28T11:32:54","date_gmt":"2023-03-28T14:32:54","guid":{"rendered":"https:\/\/casabellaitaipava.com.br\/casabella\/?page_id=305"},"modified":"2023-03-29T11:39:56","modified_gmt":"2023-03-29T14:39:56","slug":"novidades-e-promocoes","status":"publish","type":"page","link":"https:\/\/casabellaitaipava.com.br\/casabella\/novidades-e-promocoes\/","title":{"rendered":"Novidades e Lan\u00e7amentos"},"content":{"rendered":"<div class=\"sec_content_main_title\" style=\"text-align:center; color:#CF8E3A\"><span class=\"sub-title-head\" style=\"text-align:center;\">Confira encarte de destaques da loja<\/span>DESTAQUES EM NOSSA LOJA<\/div>\n<div class=\"custombtn\" style=\"text-align:center\">\t\r\n\t   <a class=\"morebutton hvr-float-shadow\" href=\"https:\/\/casabellaitaipava.com.br\/casabella\/wp-content\/uploads\/2023\/03\/CASABELLA_ENCARTE2023.pdf\" target=\"_blank\">VER ENCARTE PDF<\/a>\t   \t   \r\n\t<\/div>\n<div class=\"sec_content_main_title\" style=\"text-align:center; color:#CF8E3A\"><span class=\"sub-title-head\" style=\"text-align:center;\">Confira em nosso Instagram novidades, lan\u00e7amentos e promo\u00e7\u00f5es:<\/span>NOVIDADES INSTAGRAM<\/div>\n<div class=\"custombtn\" style=\"text-align:center\">\t\r\n\t   <a class=\"morebutton hvr-float-shadow\" href=\"https:\/\/www.instagram.com\/lojacasabellaitaipava\/\" target=\"_blank\">INSTAGRAM CASABELLA<\/a>\t   \t   \r\n\t<\/div>\n\t\t<div id=\"instagram-gallery-feed-1\" class=\"instagram-gallery-feed\" data-feed=\"{&quot;id&quot;:1,&quot;account_id&quot;:&quot;17841411528332193&quot;,&quot;source&quot;:&quot;username&quot;,&quot;tag&quot;:&quot;wordpress&quot;,&quot;order_by&quot;:&quot;top_media&quot;,&quot;layout&quot;:&quot;gallery&quot;,&quot;limit&quot;:50,&quot;columns&quot;:3,&quot;spacing&quot;:10,&quot;lazy&quot;:false,&quot;responsive&quot;:{&quot;desktop&quot;:{&quot;columns&quot;:3,&quot;spacing&quot;:10},&quot;tablet&quot;:{&quot;columns&quot;:2,&quot;spacing&quot;:8},&quot;mobile&quot;:{&quot;columns&quot;:1,&quot;spacing&quot;:6},&quot;breakpoints&quot;:{&quot;tablet&quot;:768,&quot;mobile&quot;:480}},&quot;aspect_ratio&quot;:{&quot;width&quot;:1,&quot;height&quot;:1},&quot;highlight&quot;:{&quot;tag&quot;:&quot;&quot;,&quot;id&quot;:&quot;&quot;,&quot;position&quot;:&quot;1,3,5&quot;},&quot;reel&quot;:{&quot;hide&quot;:false},&quot;copyright&quot;:{&quot;hide&quot;:false,&quot;placeholder&quot;:&quot;&quot;},&quot;profile&quot;:{&quot;display&quot;:false,&quot;username&quot;:&quot;&quot;,&quot;nickname&quot;:&quot;&quot;,&quot;website&quot;:&quot;&quot;,&quot;biography&quot;:&quot;&quot;,&quot;link_text&quot;:&quot;Follow&quot;,&quot;website_text&quot;:&quot;Website&quot;,&quot;avatar&quot;:&quot;&quot;},&quot;box&quot;:{&quot;display&quot;:false,&quot;padding&quot;:1,&quot;radius&quot;:0,&quot;background&quot;:&quot;#fefefe&quot;,&quot;profile&quot;:false,&quot;desc&quot;:&quot;&quot;,&quot;text_color&quot;:&quot;#000000&quot;},&quot;mask&quot;:{&quot;display&quot;:true,&quot;background&quot;:&quot;#000000&quot;,&quot;icon_color&quot;:&quot;#ffffff&quot;,&quot;likes_count&quot;:true,&quot;comments_count&quot;:true},&quot;card&quot;:{&quot;display&quot;:false,&quot;radius&quot;:1,&quot;font_size&quot;:12,&quot;background&quot;:&quot;#ffffff&quot;,&quot;background_hover&quot;:&quot;&quot;,&quot;text_color&quot;:&quot;#000000&quot;,&quot;padding&quot;:5,&quot;likes_count&quot;:true,&quot;text_length&quot;:10,&quot;comments_count&quot;:true,&quot;text_align&quot;:&quot;left&quot;},&quot;carousel&quot;:{&quot;centered_slides&quot;:false,&quot;autoplay&quot;:false,&quot;autoplay_interval&quot;:3000,&quot;navarrows&quot;:true,&quot;navarrows_color&quot;:&quot;&quot;,&quot;pagination&quot;:true,&quot;pagination_color&quot;:&quot;&quot;},&quot;modal&quot;:{&quot;display&quot;:true,&quot;profile&quot;:false,&quot;media_description&quot;:true,&quot;likes_count&quot;:true,&quot;comments_count&quot;:true,&quot;comments_list&quot;:false,&quot;text_align&quot;:&quot;left&quot;,&quot;modal_align&quot;:&quot;right&quot;,&quot;text_length&quot;:10000,&quot;font_size&quot;:12},&quot;button&quot;:{&quot;display&quot;:true,&quot;text&quot;:&quot;Ver + fotos Instagram&quot;,&quot;text_color&quot;:&quot;#ffff&quot;,&quot;background&quot;:&quot;&quot;,&quot;background_hover&quot;:&quot;&quot;},&quot;button_load&quot;:{&quot;display&quot;:false,&quot;text&quot;:&quot;Load more...&quot;,&quot;text_color&quot;:&quot;#ffff&quot;,&quot;background&quot;:&quot;&quot;,&quot;background_hover&quot;:&quot;&quot;}}\">\n\t\t<!-- <FeedContainer\/> -->\n\t\t<\/div>\n\t\t\n<blockquote>\n<h2><strong><a href=\"https:\/\/casabellaitaipava.com.br\/casabella\/contato\/\">Solicite or\u00e7amento<\/a> e adquira nossos produtos em todo RJ.<\/strong><\/h2>\n<p>&nbsp;<\/p><\/blockquote>\n<div class=\"sec_content_main_title\" style=\"text-align:center; color:#CF8E3A\"><span class=\"sub-title-head\" style=\"text-align:center;\">Confira encarte de destaques da loja<\/span>ARTIGOS SELECIONADOS E DESTAQUES<\/div>\n\n\n<div class=\"su-posts su-posts-default-loop \">\n\n\t\n\t\t\t\t\t\n\t\t\t\n\t\t\t<div id=\"su-post-372\" class=\"su-post \">\n\n\t\t\t\t\t\t\t\t\t<a class=\"su-post-thumbnail\" href=\"https:\/\/casabellaitaipava.com.br\/casabella\/tijolinhos-rusticos-direto-das-olarias\/\"><img loading=\"lazy\" decoding=\"async\" width=\"740\" height=\"389\" src=\"https:\/\/casabellaitaipava.com.br\/casabella\/wp-content\/uploads\/2023\/03\/post6.jpg\" class=\"attachment-post-thumbnail size-post-thumbnail wp-post-image\" alt=\"Cer\u00e2mica ac\u00fastica\" srcset=\"https:\/\/casabellaitaipava.com.br\/casabella\/wp-content\/uploads\/2023\/03\/post6.jpg 740w, https:\/\/casabellaitaipava.com.br\/casabella\/wp-content\/uploads\/2023\/03\/post6-300x158.jpg 300w\" sizes=\"auto, (max-width: 740px) 100vw, 740px\" \/><\/a>\n\t\t\t\t\n\t\t\t\t<h2 class=\"su-post-title\"><a href=\"https:\/\/casabellaitaipava.com.br\/casabella\/tijolinhos-rusticos-direto-das-olarias\/\">Tijolinhos r\u00fasticos direto das olarias<\/a><\/h2>\n\n\t\t\t\t<div class=\"su-post-meta\">\n\t\t\t\t\tPosted: 29\/03\/2023\t\t\t\t<\/div>\n\n\t\t\t\t<div class=\"su-post-excerpt\">\n\t\t\t\t\t<p>A Casabella Itaipava atua com os melhores fabricantes de cer\u00e2mica rustica do Brasil, fornecendo revestimentos de cer\u00e2mica r\u00fastica, plaquetas, tijolos tipo demoli\u00e7\u00e3o adquirido direto das olarias, com pre\u00e7os de f\u00e1brica. A Cer\u00e2mica r\u00fastica, utilizada para quem busca eleg\u00e2ncia em projeto, \u00e9 uma op\u00e7\u00e3o de acabamento altamente valorizada, pois atrav\u00e9s de texturas e cores retratando as diversas camada de tempo, com ranhuras e relevos e aspecto amadeirado e artesanal, imprime sofistica\u00e7\u00e3o ao mesmo tempo que \u00e9 um revestimento com forte apelo ecol\u00f3gico. A Cer\u00e2mica r\u00fastica, seja monocrom\u00e1ticas em tons mais fortes, muito na moda, ou rede de tijolinhos e plaquetas naturais,&#8230; <\/p>\n\t\t\t\t<\/div>\n\n\t\t\t\t\t\t\t\t\t<a href=\"https:\/\/casabellaitaipava.com.br\/casabella\/tijolinhos-rusticos-direto-das-olarias\/#respond\" class=\"su-post-comments-link\">0 comments<\/a>\n\t\t\t\t\n\t\t\t<\/div>\n\n\t\t\t\t\t\n\t\t\t\n\t\t\t<div id=\"su-post-368\" class=\"su-post \">\n\n\t\t\t\t\t\t\t\t\t<a class=\"su-post-thumbnail\" href=\"https:\/\/casabellaitaipava.com.br\/casabella\/energia-solar-valoriza-propriedades\/\"><img loading=\"lazy\" decoding=\"async\" width=\"740\" height=\"389\" src=\"https:\/\/casabellaitaipava.com.br\/casabella\/wp-content\/uploads\/2023\/03\/POST2.jpg\" class=\"attachment-post-thumbnail size-post-thumbnail wp-post-image\" alt=\"Aquecimento Solar\" srcset=\"https:\/\/casabellaitaipava.com.br\/casabella\/wp-content\/uploads\/2023\/03\/POST2.jpg 740w, https:\/\/casabellaitaipava.com.br\/casabella\/wp-content\/uploads\/2023\/03\/POST2-300x158.jpg 300w\" sizes=\"auto, (max-width: 740px) 100vw, 740px\" \/><\/a>\n\t\t\t\t\n\t\t\t\t<h2 class=\"su-post-title\"><a href=\"https:\/\/casabellaitaipava.com.br\/casabella\/energia-solar-valoriza-propriedades\/\">Energia solar valoriza propriedades<\/a><\/h2>\n\n\t\t\t\t<div class=\"su-post-meta\">\n\t\t\t\t\tPosted: 29\/03\/2023\t\t\t\t<\/div>\n\n\t\t\t\t<div class=\"su-post-excerpt\">\n\t\t\t\t\t<p>Instalar um aquecedor solar traz grandes vantagens para o seu im\u00f3vel. Desde a economia gerada at\u00e9 a baixa necessidade de manuten\u00e7\u00e3o, ele se coloca como um dos mais eficientes do mercado. Na hora de vender, ele tamb\u00e9m \u00e9 um fator determinante, pois gera uma importante valoriza\u00e7\u00e3o no im\u00f3vel, tornando-o muito mais atrativo. Os im\u00f3veis \u00e0 venda que possuem sistemas fotovoltaicos instalados s\u00e3o bastante procurados, principalmente por trazer uma pronta solu\u00e7\u00e3o que proporciona real economia para os futuros moradores. Eles podem pagar mais a princ\u00edpio pelo im\u00f3vel, mas ganham ao longo do tempo pelo custo x benef\u00edcio. Esta valoriza\u00e7\u00e3o pode recuperar&#8230; <\/p>\n\t\t\t\t<\/div>\n\n\t\t\t\t\t\t\t\t\t<a href=\"https:\/\/casabellaitaipava.com.br\/casabella\/energia-solar-valoriza-propriedades\/#respond\" class=\"su-post-comments-link\">0 comments<\/a>\n\t\t\t\t\n\t\t\t<\/div>\n\n\t\t\t\t\t\n\t\t\t\n\t\t\t<div id=\"su-post-363\" class=\"su-post \">\n\n\t\t\t\t\t\t\t\t\t<a class=\"su-post-thumbnail\" href=\"https:\/\/casabellaitaipava.com.br\/casabella\/conta-de-luz-alta-vale-a-pena-instalar-energia-solar-em-casa\/\"><img loading=\"lazy\" decoding=\"async\" width=\"740\" height=\"444\" src=\"https:\/\/casabellaitaipava.com.br\/casabella\/wp-content\/uploads\/2023\/03\/post1.jpg\" class=\"attachment-post-thumbnail size-post-thumbnail wp-post-image\" alt=\"Aquecimento Solar em Petr\u00f3polis e Itaipava\" srcset=\"https:\/\/casabellaitaipava.com.br\/casabella\/wp-content\/uploads\/2023\/03\/post1.jpg 740w, https:\/\/casabellaitaipava.com.br\/casabella\/wp-content\/uploads\/2023\/03\/post1-300x180.jpg 300w, https:\/\/casabellaitaipava.com.br\/casabella\/wp-content\/uploads\/2023\/03\/post1-240x145.jpg 240w\" sizes=\"auto, (max-width: 740px) 100vw, 740px\" \/><\/a>\n\t\t\t\t\n\t\t\t\t<h2 class=\"su-post-title\"><a href=\"https:\/\/casabellaitaipava.com.br\/casabella\/conta-de-luz-alta-vale-a-pena-instalar-energia-solar-em-casa\/\">Conta de luz alta? Vale a pena instalar energia solar em casa!<\/a><\/h2>\n\n\t\t\t\t<div class=\"su-post-meta\">\n\t\t\t\t\tPosted: 29\/03\/2023\t\t\t\t<\/div>\n\n\t\t\t\t<div class=\"su-post-excerpt\">\n\t\t\t\t\t<p>Com o aumento das tarifas na conta de energia, muitos brasileiros buscam novas possibilidades para tentar diminuir o impacto no or\u00e7amento. Uma das estrat\u00e9gias \u00e9 a instala\u00e7\u00e3o de placas de gera\u00e7\u00e3o de energia solar. Apesar de atraentes, \u00e9 necess\u00e1rio pesquisar e colocar no papel os custos e benef\u00edcios. Em geral, o retorno \u00e9 bastante atrativo. O aumento da infla\u00e7\u00e3o e a baixa reserva de \u00e1gua nas hidrel\u00e9tricas impulsionaram a procura por alternativas para economizar com os gastos com energia. Entre as op\u00e7\u00f5es, o destaque fica com as fontes renov\u00e1veis. Al\u00e9m de desligar aparelhos quando n\u00e3o h\u00e1 utiliza\u00e7\u00e3o e trocar l\u00e2mpadas&#8230; <\/p>\n\t\t\t\t<\/div>\n\n\t\t\t\t\t\t\t\t\t<a href=\"https:\/\/casabellaitaipava.com.br\/casabella\/conta-de-luz-alta-vale-a-pena-instalar-energia-solar-em-casa\/#respond\" class=\"su-post-comments-link\">0 comments<\/a>\n\t\t\t\t\n\t\t\t<\/div>\n\n\t\t\n\t\n<\/div>\n\n","protected":false},"excerpt":{"rendered":"<p>Solicite or\u00e7amento e adquira nossos produtos em todo RJ. &nbsp;<\/p>\n","protected":false},"author":1,"featured_media":0,"parent":0,"menu_order":0,"comment_status":"closed","ping_status":"closed","template":"","meta":{"footnotes":""},"class_list":["post-305","page","type-page","status-publish","hentry"],"_links":{"self":[{"href":"https:\/\/casabellaitaipava.com.br\/casabella\/wp-json\/wp\/v2\/pages\/305","targetHints":{"allow":["GET"]}}],"collection":[{"href":"https:\/\/casabellaitaipava.com.br\/casabella\/wp-json\/wp\/v2\/pages"}],"about":[{"href":"https:\/\/casabellaitaipava.com.br\/casabella\/wp-json\/wp\/v2\/types\/page"}],"author":[{"embeddable":true,"href":"https:\/\/casabellaitaipava.com.br\/casabella\/wp-json\/wp\/v2\/users\/1"}],"replies":[{"embeddable":true,"href":"https:\/\/casabellaitaipava.com.br\/casabella\/wp-json\/wp\/v2\/comments?post=305"}],"version-history":[{"count":14,"href":"https:\/\/casabellaitaipava.com.br\/casabella\/wp-json\/wp\/v2\/pages\/305\/revisions"}],"predecessor-version":[{"id":399,"href":"https:\/\/casabellaitaipava.com.br\/casabella\/wp-json\/wp\/v2\/pages\/305\/revisions\/399"}],"wp:attachment":[{"href":"https:\/\/casabellaitaipava.com.br\/casabella\/wp-json\/wp\/v2\/media?parent=305"}],"curies":[{"name":"wp","href":"https:\/\/api.w.org\/{rel}","templated":true}]}}