{"id":67,"date":"2023-03-23T15:57:13","date_gmt":"2023-03-23T18:57:13","guid":{"rendered":"https:\/\/casabellaitaipava.com.br\/casabella\/?page_id=67"},"modified":"2023-03-28T17:47:59","modified_gmt":"2023-03-28T20:47:59","slug":"material-atermico","status":"publish","type":"page","link":"https:\/\/casabellaitaipava.com.br\/casabella\/material-atermico\/","title":{"rendered":"Pisos At\u00e9rmicos"},"content":{"rendered":"<div class=\"sec_content_main_title\" style=\"text-align:center; color:#CF8E3A\"><span class=\"sub-title-head\" style=\"text-align:center;\">Materiais at\u00e9rmicos fabrica\u00e7\u00e3o pr\u00f3pria:<\/span>MATERIAL AT\u00c9RMICO<\/div>\n<p>Os Pisos at\u00e9rmicos fabricados pela <strong>Casabella Itaipava<\/strong> s\u00e3o desenvolvidos especialmente para \u00e1rea de lazer e de piscinas, pois mesmo sob o sol intenso, absorvem pouco calor e esfriam rapidamente ap\u00f3s o sol, sem segurar o vapor quente.<br \/>\nAl\u00e9m dos benef\u00edcios t\u00e9rmicos, o material at\u00e9rmico \u00e9 antiderrapante e muito resistente a sol e chuva como qualquer piso de pedra natural, al\u00e9m de ser tambem muito elegante.<\/p>\n<p>Fabricamos nos tamanhos:<br \/>\n<div class=\"su-table su-table-alternate\">\n<table>\n<tbody>\n<tr>\n<td>50x50cm<\/td>\n<td>60x60cm<\/td>\n<\/tr>\n<tr>\n<td>80x80cm<\/td>\n<td>90x90cm<\/td>\n<\/tr>\n<\/tbody>\n<\/table>\n<\/div>\nAl\u00e9m das bordas de piscina e grelhas.<\/p>\n<p><strong>PISOS AT\u00c9RMICOS FABRICA\u00c7\u00c3O PR\u00d3PRIA<\/strong><\/p>\n<div class=\"su-image-carousel  su-image-carousel-columns-3 su-image-carousel-has-spacing su-image-carousel-crop su-image-carousel-crop-4-3 su-image-carousel-has-lightbox su-image-carousel-has-outline su-image-carousel-adaptive su-image-carousel-slides-style-default su-image-carousel-controls-style-dark su-image-carousel-align-none\" style=\"\" data-flickity-options='{\"groupCells\":true,\"cellSelector\":\".su-image-carousel-item\",\"adaptiveHeight\":false,\"cellAlign\":\"left\",\"prevNextButtons\":true,\"pageDots\":true,\"autoPlay\":5000,\"imagesLoaded\":true,\"contain\":true,\"selectedAttraction\":0.025000000000000001387778780781445675529539585113525390625,\"friction\":0.2800000000000000266453525910037569701671600341796875}' id=\"su_image_carousel_69e1160ad64a3\"><div class=\"su-image-carousel-item\"><div class=\"su-image-carousel-item-content\"><a href=\"https:\/\/casabellaitaipava.com.br\/casabella\/wp-content\/uploads\/2023\/03\/101.jpg\" target=\"_blank\" rel=\"noopener noreferrer\" data-caption=\"Pisos at\u00e9rmicos Casabella Itaipava\"><img loading=\"lazy\" decoding=\"async\" width=\"960\" height=\"720\" src=\"https:\/\/casabellaitaipava.com.br\/casabella\/wp-content\/uploads\/2023\/03\/101.jpg\" class=\"\" alt=\"Pisos at\u00e9rmicos Casabella Itaipava\" srcset=\"https:\/\/casabellaitaipava.com.br\/casabella\/wp-content\/uploads\/2023\/03\/101.jpg 960w, https:\/\/casabellaitaipava.com.br\/casabella\/wp-content\/uploads\/2023\/03\/101-300x225.jpg 300w, https:\/\/casabellaitaipava.com.br\/casabella\/wp-content\/uploads\/2023\/03\/101-768x576.jpg 768w\" sizes=\"auto, (max-width: 960px) 100vw, 960px\" \/><\/a><\/div><\/div><div class=\"su-image-carousel-item\"><div class=\"su-image-carousel-item-content\"><a href=\"https:\/\/casabellaitaipava.com.br\/casabella\/wp-content\/uploads\/2023\/03\/102.jpg\" target=\"_blank\" rel=\"noopener noreferrer\" data-caption=\"Pisos at\u00e9rmicos Casabella Itaipava\"><img loading=\"lazy\" decoding=\"async\" width=\"960\" height=\"720\" src=\"https:\/\/casabellaitaipava.com.br\/casabella\/wp-content\/uploads\/2023\/03\/102.jpg\" class=\"\" alt=\"Pisos at\u00e9rmicos Casabella Itaipava\" srcset=\"https:\/\/casabellaitaipava.com.br\/casabella\/wp-content\/uploads\/2023\/03\/102.jpg 960w, https:\/\/casabellaitaipava.com.br\/casabella\/wp-content\/uploads\/2023\/03\/102-300x225.jpg 300w, https:\/\/casabellaitaipava.com.br\/casabella\/wp-content\/uploads\/2023\/03\/102-768x576.jpg 768w\" sizes=\"auto, (max-width: 960px) 100vw, 960px\" \/><\/a><\/div><\/div><div class=\"su-image-carousel-item\"><div class=\"su-image-carousel-item-content\"><a href=\"https:\/\/casabellaitaipava.com.br\/casabella\/wp-content\/uploads\/2023\/03\/100.jpg\" target=\"_blank\" rel=\"noopener noreferrer\" data-caption=\"Pisos at\u00e9rmicos Casabella Itaipava\"><img loading=\"lazy\" decoding=\"async\" width=\"960\" height=\"720\" src=\"https:\/\/casabellaitaipava.com.br\/casabella\/wp-content\/uploads\/2023\/03\/100.jpg\" class=\"\" alt=\"Pisos at\u00e9rmicos Casabella Itaipava\" srcset=\"https:\/\/casabellaitaipava.com.br\/casabella\/wp-content\/uploads\/2023\/03\/100.jpg 960w, https:\/\/casabellaitaipava.com.br\/casabella\/wp-content\/uploads\/2023\/03\/100-300x225.jpg 300w, https:\/\/casabellaitaipava.com.br\/casabella\/wp-content\/uploads\/2023\/03\/100-768x576.jpg 768w\" sizes=\"auto, (max-width: 960px) 100vw, 960px\" \/><\/a><\/div><\/div><div class=\"su-image-carousel-item\"><div class=\"su-image-carousel-item-content\"><a href=\"https:\/\/casabellaitaipava.com.br\/casabella\/wp-content\/uploads\/2023\/03\/103.jpg\" target=\"_blank\" rel=\"noopener noreferrer\" data-caption=\"Pisos at\u00e9rmicos Casabella Itaipava\"><img loading=\"lazy\" decoding=\"async\" width=\"960\" height=\"720\" src=\"https:\/\/casabellaitaipava.com.br\/casabella\/wp-content\/uploads\/2023\/03\/103.jpg\" class=\"\" alt=\"Pisos at\u00e9rmicos Casabella Itaipava\" srcset=\"https:\/\/casabellaitaipava.com.br\/casabella\/wp-content\/uploads\/2023\/03\/103.jpg 960w, https:\/\/casabellaitaipava.com.br\/casabella\/wp-content\/uploads\/2023\/03\/103-300x225.jpg 300w, https:\/\/casabellaitaipava.com.br\/casabella\/wp-content\/uploads\/2023\/03\/103-768x576.jpg 768w\" sizes=\"auto, (max-width: 960px) 100vw, 960px\" \/><\/a><\/div><\/div><div class=\"su-image-carousel-item\"><div class=\"su-image-carousel-item-content\"><a href=\"https:\/\/casabellaitaipava.com.br\/casabella\/wp-content\/uploads\/2023\/03\/031.jpg\" target=\"_blank\" rel=\"noopener noreferrer\" data-caption=\"\"><img loading=\"lazy\" decoding=\"async\" width=\"720\" height=\"960\" src=\"https:\/\/casabellaitaipava.com.br\/casabella\/wp-content\/uploads\/2023\/03\/031.jpg\" class=\"\" alt=\"Pisos at\u00e9rmicos Casabella Itaipava\" srcset=\"https:\/\/casabellaitaipava.com.br\/casabella\/wp-content\/uploads\/2023\/03\/031.jpg 720w, https:\/\/casabellaitaipava.com.br\/casabella\/wp-content\/uploads\/2023\/03\/031-225x300.jpg 225w\" sizes=\"auto, (max-width: 720px) 100vw, 720px\" \/><\/a><\/div><\/div><div class=\"su-image-carousel-item\"><div class=\"su-image-carousel-item-content\"><a href=\"https:\/\/casabellaitaipava.com.br\/casabella\/wp-content\/uploads\/2023\/03\/033.jpg\" target=\"_blank\" rel=\"noopener noreferrer\" data-caption=\"\"><img loading=\"lazy\" decoding=\"async\" width=\"720\" height=\"960\" src=\"https:\/\/casabellaitaipava.com.br\/casabella\/wp-content\/uploads\/2023\/03\/033.jpg\" class=\"\" alt=\"Pisos at\u00e9rmicos Casabella Itaipava\" srcset=\"https:\/\/casabellaitaipava.com.br\/casabella\/wp-content\/uploads\/2023\/03\/033.jpg 720w, https:\/\/casabellaitaipava.com.br\/casabella\/wp-content\/uploads\/2023\/03\/033-225x300.jpg 225w\" sizes=\"auto, (max-width: 720px) 100vw, 720px\" \/><\/a><\/div><\/div><div class=\"su-image-carousel-item\"><div class=\"su-image-carousel-item-content\"><a href=\"https:\/\/casabellaitaipava.com.br\/casabella\/wp-content\/uploads\/2023\/03\/035.jpg\" target=\"_blank\" rel=\"noopener noreferrer\" data-caption=\"\"><img loading=\"lazy\" decoding=\"async\" width=\"720\" height=\"960\" src=\"https:\/\/casabellaitaipava.com.br\/casabella\/wp-content\/uploads\/2023\/03\/035.jpg\" class=\"\" alt=\"Pisos at\u00e9rmicos Casabella Itaipava\" srcset=\"https:\/\/casabellaitaipava.com.br\/casabella\/wp-content\/uploads\/2023\/03\/035.jpg 720w, https:\/\/casabellaitaipava.com.br\/casabella\/wp-content\/uploads\/2023\/03\/035-225x300.jpg 225w\" sizes=\"auto, (max-width: 720px) 100vw, 720px\" \/><\/a><\/div><\/div><div class=\"su-image-carousel-item\"><div class=\"su-image-carousel-item-content\"><a href=\"https:\/\/casabellaitaipava.com.br\/casabella\/wp-content\/uploads\/2023\/03\/045.jpg\" target=\"_blank\" rel=\"noopener noreferrer\" data-caption=\"Pisos at\u00e9rmicos Casabella Itaipava\"><img loading=\"lazy\" decoding=\"async\" width=\"720\" height=\"960\" src=\"https:\/\/casabellaitaipava.com.br\/casabella\/wp-content\/uploads\/2023\/03\/045.jpg\" class=\"\" alt=\"Pisos at\u00e9rmicos Casabella Itaipava\" srcset=\"https:\/\/casabellaitaipava.com.br\/casabella\/wp-content\/uploads\/2023\/03\/045.jpg 720w, https:\/\/casabellaitaipava.com.br\/casabella\/wp-content\/uploads\/2023\/03\/045-225x300.jpg 225w\" sizes=\"auto, (max-width: 720px) 100vw, 720px\" \/><\/a><\/div><\/div><div class=\"su-image-carousel-item\"><div class=\"su-image-carousel-item-content\"><a href=\"https:\/\/casabellaitaipava.com.br\/casabella\/wp-content\/uploads\/2023\/03\/040.jpg\" target=\"_blank\" rel=\"noopener noreferrer\" data-caption=\"\"><img loading=\"lazy\" decoding=\"async\" width=\"720\" height=\"960\" src=\"https:\/\/casabellaitaipava.com.br\/casabella\/wp-content\/uploads\/2023\/03\/040.jpg\" class=\"\" alt=\"Pisos at\u00e9rmicos Casabella Itaipava\" srcset=\"https:\/\/casabellaitaipava.com.br\/casabella\/wp-content\/uploads\/2023\/03\/040.jpg 720w, https:\/\/casabellaitaipava.com.br\/casabella\/wp-content\/uploads\/2023\/03\/040-225x300.jpg 225w\" sizes=\"auto, (max-width: 720px) 100vw, 720px\" \/><\/a><\/div><\/div><div class=\"su-image-carousel-item\"><div class=\"su-image-carousel-item-content\"><a href=\"https:\/\/casabellaitaipava.com.br\/casabella\/wp-content\/uploads\/2023\/03\/039.jpg\" target=\"_blank\" rel=\"noopener noreferrer\" data-caption=\"\"><img loading=\"lazy\" decoding=\"async\" width=\"720\" height=\"960\" src=\"https:\/\/casabellaitaipava.com.br\/casabella\/wp-content\/uploads\/2023\/03\/039.jpg\" class=\"\" alt=\"Pisos at\u00e9rmicos Casabella Itaipava\" srcset=\"https:\/\/casabellaitaipava.com.br\/casabella\/wp-content\/uploads\/2023\/03\/039.jpg 720w, https:\/\/casabellaitaipava.com.br\/casabella\/wp-content\/uploads\/2023\/03\/039-225x300.jpg 225w\" sizes=\"auto, (max-width: 720px) 100vw, 720px\" \/><\/a><\/div><\/div><div class=\"su-image-carousel-item\"><div class=\"su-image-carousel-item-content\"><a href=\"https:\/\/casabellaitaipava.com.br\/casabella\/wp-content\/uploads\/2023\/03\/037.jpg\" target=\"_blank\" rel=\"noopener noreferrer\" data-caption=\"\"><img loading=\"lazy\" decoding=\"async\" width=\"720\" height=\"960\" src=\"https:\/\/casabellaitaipava.com.br\/casabella\/wp-content\/uploads\/2023\/03\/037.jpg\" class=\"\" alt=\"Pisos at\u00e9rmicos Casabella Itaipava\" srcset=\"https:\/\/casabellaitaipava.com.br\/casabella\/wp-content\/uploads\/2023\/03\/037.jpg 720w, https:\/\/casabellaitaipava.com.br\/casabella\/wp-content\/uploads\/2023\/03\/037-225x300.jpg 225w\" sizes=\"auto, (max-width: 720px) 100vw, 720px\" \/><\/a><\/div><\/div><\/div><script id=\"su_image_carousel_69e1160ad64a3_script\">if(window.SUImageCarousel){setTimeout(function() {window.SUImageCarousel.initGallery(document.getElementById(\"su_image_carousel_69e1160ad64a3\"))}, 0);}var su_image_carousel_69e1160ad64a3_script=document.getElementById(\"su_image_carousel_69e1160ad64a3_script\");if(su_image_carousel_69e1160ad64a3_script){su_image_carousel_69e1160ad64a3_script.parentNode.removeChild(su_image_carousel_69e1160ad64a3_script);}<\/script>\n<p><strong>PISOS CIMENT\u00cdCIOS &#8211; FABRICA\u00c7\u00c3O PR\u00d3PRIA<\/strong><\/p>\n<div class=\"su-image-carousel  su-image-carousel-columns-3 su-image-carousel-has-spacing su-image-carousel-crop su-image-carousel-crop-4-3 su-image-carousel-has-lightbox su-image-carousel-has-outline su-image-carousel-adaptive su-image-carousel-slides-style-default su-image-carousel-controls-style-dark su-image-carousel-align-none\" style=\"\" data-flickity-options='{\"groupCells\":true,\"cellSelector\":\".su-image-carousel-item\",\"adaptiveHeight\":false,\"cellAlign\":\"left\",\"prevNextButtons\":true,\"pageDots\":true,\"autoPlay\":5000,\"imagesLoaded\":true,\"contain\":true,\"selectedAttraction\":0.025000000000000001387778780781445675529539585113525390625,\"friction\":0.2800000000000000266453525910037569701671600341796875}' id=\"su_image_carousel_69e1160ad6ea9\"><div class=\"su-image-carousel-item\"><div class=\"su-image-carousel-item-content\"><a href=\"https:\/\/casabellaitaipava.com.br\/casabella\/wp-content\/uploads\/2023\/03\/CIMENTICIO-madeira03.jpg\" target=\"_blank\" rel=\"noopener noreferrer\" data-caption=\"Piso Ciment\u00edcio Madeira\"><img loading=\"lazy\" decoding=\"async\" width=\"960\" height=\"640\" src=\"https:\/\/casabellaitaipava.com.br\/casabella\/wp-content\/uploads\/2023\/03\/CIMENTICIO-madeira03.jpg\" class=\"\" alt=\"Piso Ciment\u00edcio Madeira\" srcset=\"https:\/\/casabellaitaipava.com.br\/casabella\/wp-content\/uploads\/2023\/03\/CIMENTICIO-madeira03.jpg 960w, https:\/\/casabellaitaipava.com.br\/casabella\/wp-content\/uploads\/2023\/03\/CIMENTICIO-madeira03-300x200.jpg 300w, https:\/\/casabellaitaipava.com.br\/casabella\/wp-content\/uploads\/2023\/03\/CIMENTICIO-madeira03-768x512.jpg 768w\" sizes=\"auto, (max-width: 960px) 100vw, 960px\" \/><\/a><\/div><\/div><div class=\"su-image-carousel-item\"><div class=\"su-image-carousel-item-content\"><a href=\"https:\/\/casabellaitaipava.com.br\/casabella\/wp-content\/uploads\/2023\/03\/CIMENTICIO-madeira02.jpg\" target=\"_blank\" rel=\"noopener noreferrer\" data-caption=\"Piso Ciment\u00edcio Madeira\"><img loading=\"lazy\" decoding=\"async\" width=\"960\" height=\"640\" src=\"https:\/\/casabellaitaipava.com.br\/casabella\/wp-content\/uploads\/2023\/03\/CIMENTICIO-madeira02.jpg\" class=\"\" alt=\"Piso Ciment\u00edcio Madeira\" srcset=\"https:\/\/casabellaitaipava.com.br\/casabella\/wp-content\/uploads\/2023\/03\/CIMENTICIO-madeira02.jpg 960w, https:\/\/casabellaitaipava.com.br\/casabella\/wp-content\/uploads\/2023\/03\/CIMENTICIO-madeira02-300x200.jpg 300w, https:\/\/casabellaitaipava.com.br\/casabella\/wp-content\/uploads\/2023\/03\/CIMENTICIO-madeira02-768x512.jpg 768w\" sizes=\"auto, (max-width: 960px) 100vw, 960px\" \/><\/a><\/div><\/div><div class=\"su-image-carousel-item\"><div class=\"su-image-carousel-item-content\"><a href=\"https:\/\/casabellaitaipava.com.br\/casabella\/wp-content\/uploads\/2023\/03\/CIMENTICIO-madeira01.jpg\" target=\"_blank\" rel=\"noopener noreferrer\" data-caption=\"Piso Ciment\u00edcio Madeira\"><img loading=\"lazy\" decoding=\"async\" width=\"960\" height=\"576\" src=\"https:\/\/casabellaitaipava.com.br\/casabella\/wp-content\/uploads\/2023\/03\/CIMENTICIO-madeira01.jpg\" class=\"\" alt=\"Piso Ciment\u00edcio Madeira\" srcset=\"https:\/\/casabellaitaipava.com.br\/casabella\/wp-content\/uploads\/2023\/03\/CIMENTICIO-madeira01.jpg 960w, https:\/\/casabellaitaipava.com.br\/casabella\/wp-content\/uploads\/2023\/03\/CIMENTICIO-madeira01-300x180.jpg 300w, https:\/\/casabellaitaipava.com.br\/casabella\/wp-content\/uploads\/2023\/03\/CIMENTICIO-madeira01-768x461.jpg 768w, https:\/\/casabellaitaipava.com.br\/casabella\/wp-content\/uploads\/2023\/03\/CIMENTICIO-madeira01-240x145.jpg 240w\" sizes=\"auto, (max-width: 960px) 100vw, 960px\" \/><\/a><\/div><\/div><\/div><script id=\"su_image_carousel_69e1160ad6ea9_script\">if(window.SUImageCarousel){setTimeout(function() {window.SUImageCarousel.initGallery(document.getElementById(\"su_image_carousel_69e1160ad6ea9\"))}, 0);}var su_image_carousel_69e1160ad6ea9_script=document.getElementById(\"su_image_carousel_69e1160ad6ea9_script\");if(su_image_carousel_69e1160ad6ea9_script){su_image_carousel_69e1160ad6ea9_script.parentNode.removeChild(su_image_carousel_69e1160ad6ea9_script);}<\/script>\n<div class=\"su-image-carousel  su-image-carousel-columns-3 su-image-carousel-has-spacing su-image-carousel-crop su-image-carousel-crop-4-3 su-image-carousel-has-lightbox su-image-carousel-has-outline su-image-carousel-adaptive su-image-carousel-slides-style-default su-image-carousel-controls-style-dark su-image-carousel-align-none\" style=\"\" data-flickity-options='{\"groupCells\":true,\"cellSelector\":\".su-image-carousel-item\",\"adaptiveHeight\":false,\"cellAlign\":\"left\",\"prevNextButtons\":true,\"pageDots\":true,\"autoPlay\":5000,\"imagesLoaded\":true,\"contain\":true,\"selectedAttraction\":0.025000000000000001387778780781445675529539585113525390625,\"friction\":0.2800000000000000266453525910037569701671600341796875}' id=\"su_image_carousel_69e1160ad7b20\"><div class=\"su-image-carousel-item\"><div class=\"su-image-carousel-item-content\"><a href=\"https:\/\/casabellaitaipava.com.br\/casabella\/wp-content\/uploads\/2023\/03\/cimenticio-queimado03.jpg\" target=\"_blank\" rel=\"noopener noreferrer\" data-caption=\"Piso Ciment\u00edcio Queimado\"><img loading=\"lazy\" decoding=\"async\" width=\"960\" height=\"720\" src=\"https:\/\/casabellaitaipava.com.br\/casabella\/wp-content\/uploads\/2023\/03\/cimenticio-queimado03.jpg\" class=\"\" alt=\"Piso Ciment\u00edcio Queimado\" srcset=\"https:\/\/casabellaitaipava.com.br\/casabella\/wp-content\/uploads\/2023\/03\/cimenticio-queimado03.jpg 960w, https:\/\/casabellaitaipava.com.br\/casabella\/wp-content\/uploads\/2023\/03\/cimenticio-queimado03-300x225.jpg 300w, https:\/\/casabellaitaipava.com.br\/casabella\/wp-content\/uploads\/2023\/03\/cimenticio-queimado03-768x576.jpg 768w\" sizes=\"auto, (max-width: 960px) 100vw, 960px\" \/><\/a><\/div><\/div><div class=\"su-image-carousel-item\"><div class=\"su-image-carousel-item-content\"><a href=\"https:\/\/casabellaitaipava.com.br\/casabella\/wp-content\/uploads\/2023\/03\/cimenticio-queimado02.jpg\" target=\"_blank\" rel=\"noopener noreferrer\" data-caption=\"Piso Ciment\u00edcio Queimado\"><img loading=\"lazy\" decoding=\"async\" width=\"960\" height=\"502\" src=\"https:\/\/casabellaitaipava.com.br\/casabella\/wp-content\/uploads\/2023\/03\/cimenticio-queimado02.jpg\" class=\"\" alt=\"Piso Ciment\u00edcio Queimado\" srcset=\"https:\/\/casabellaitaipava.com.br\/casabella\/wp-content\/uploads\/2023\/03\/cimenticio-queimado02.jpg 960w, https:\/\/casabellaitaipava.com.br\/casabella\/wp-content\/uploads\/2023\/03\/cimenticio-queimado02-300x157.jpg 300w, https:\/\/casabellaitaipava.com.br\/casabella\/wp-content\/uploads\/2023\/03\/cimenticio-queimado02-768x402.jpg 768w\" sizes=\"auto, (max-width: 960px) 100vw, 960px\" \/><\/a><\/div><\/div><div class=\"su-image-carousel-item\"><div class=\"su-image-carousel-item-content\"><a href=\"https:\/\/casabellaitaipava.com.br\/casabella\/wp-content\/uploads\/2023\/03\/cimenticio-queimado01.jpg\" target=\"_blank\" rel=\"noopener noreferrer\" data-caption=\"Piso Ciment\u00edcio Queimado\"><img loading=\"lazy\" decoding=\"async\" width=\"960\" height=\"720\" src=\"https:\/\/casabellaitaipava.com.br\/casabella\/wp-content\/uploads\/2023\/03\/cimenticio-queimado01.jpg\" class=\"\" alt=\"Piso Ciment\u00edcio Queimado\" srcset=\"https:\/\/casabellaitaipava.com.br\/casabella\/wp-content\/uploads\/2023\/03\/cimenticio-queimado01.jpg 960w, https:\/\/casabellaitaipava.com.br\/casabella\/wp-content\/uploads\/2023\/03\/cimenticio-queimado01-300x225.jpg 300w, https:\/\/casabellaitaipava.com.br\/casabella\/wp-content\/uploads\/2023\/03\/cimenticio-queimado01-768x576.jpg 768w\" sizes=\"auto, (max-width: 960px) 100vw, 960px\" \/><\/a><\/div><\/div><\/div><script id=\"su_image_carousel_69e1160ad7b20_script\">if(window.SUImageCarousel){setTimeout(function() {window.SUImageCarousel.initGallery(document.getElementById(\"su_image_carousel_69e1160ad7b20\"))}, 0);}var su_image_carousel_69e1160ad7b20_script=document.getElementById(\"su_image_carousel_69e1160ad7b20_script\");if(su_image_carousel_69e1160ad7b20_script){su_image_carousel_69e1160ad7b20_script.parentNode.removeChild(su_image_carousel_69e1160ad7b20_script);}<\/script>\n<div class=\"su-note\"  style=\"border-color:#e5e5e5;border-radius:3px;-moz-border-radius:3px;-webkit-border-radius:3px;\"><div class=\"su-note-inner su-u-clearfix su-u-trim\" style=\"background-color:#ffffff;border-color:#ffffff;color:#333333;border-radius:3px;-moz-border-radius:3px;-webkit-border-radius:3px;\">\n<p>O piso at\u00e9rmico Casabella Itapava possui as op\u00e7\u00f5es de cores: <strong>branco<\/strong>, <strong>cinza<\/strong>, <strong>champanhe<\/strong> e <strong>barbante<\/strong>.<\/p>\n<p>Cada vez mais empregados em projetos construtivos que primam por excel\u00eancia, o <strong>revestimento at\u00e9rmico<\/strong> \u00e9 a solu\u00e7\u00e3o sob medida para grandes temperaturas sofridas em \u00e1rea exterior, como entorno de piscinas e varandas, que enfrentam incid\u00eancia direta de sol &#8211;\u00a0 ou a Linha Ciment\u00edcio para ambientes internos, como paredes e telhados expostos a calor ou ao frio intensos, em cidades com invernos e \/ou ver\u00f5es mais rigorosos.<\/p>\n<div class=\"custombtn\" style=\"text-align:center\">\t\r\n\t   <a class=\"morebutton hvr-float-shadow\" href=\"https:\/\/web.whatsapp.com\/send?phone=5524992121802\" target=\"_blank\">Or\u00e7amento Whatsapp<\/a>\t   \t   \r\n\t<\/div>\n<\/div><\/div>\n<blockquote>\n<h2><strong><a href=\"https:\/\/casabellaitaipava.com.br\/casabella\/contato\/\">Solicite or\u00e7amento<\/a> e adquira pisos at\u00e9rmicos para o seu projeto com os menores pre\u00e7os.<\/strong><\/h2>\n<p>&nbsp;<\/p><\/blockquote>\n<p>&nbsp;<\/p>\n","protected":false},"excerpt":{"rendered":"<p>Os Pisos at\u00e9rmicos fabricados pela Casabella Itaipava s\u00e3o desenvolvidos especialmente para \u00e1rea de lazer e de piscinas, pois mesmo sob o sol intenso, absorvem pouco calor e esfriam rapidamente ap\u00f3s o sol, sem segurar o vapor quente. Al\u00e9m dos benef\u00edcios t\u00e9rmicos, o material at\u00e9rmico \u00e9 antiderrapante e muito resistente a sol e chuva como qualquer piso de pedra natural, al\u00e9m de ser tambem muito elegante. Fabricamos nos tamanhos: Al\u00e9m das bordas de piscina e grelhas. PISOS AT\u00c9RMICOS FABRICA\u00c7\u00c3O PR\u00d3PRIA PISOS CIMENT\u00cdCIOS &#8211; FABRICA\u00c7\u00c3O PR\u00d3PRIA Solicite or\u00e7amento e adquira pisos at\u00e9rmicos para o seu projeto com os menores pre\u00e7os. &nbsp; &nbsp;<\/p>\n","protected":false},"author":1,"featured_media":0,"parent":0,"menu_order":0,"comment_status":"closed","ping_status":"closed","template":"","meta":{"footnotes":""},"class_list":["post-67","page","type-page","status-publish","hentry"],"_links":{"self":[{"href":"https:\/\/casabellaitaipava.com.br\/casabella\/wp-json\/wp\/v2\/pages\/67","targetHints":{"allow":["GET"]}}],"collection":[{"href":"https:\/\/casabellaitaipava.com.br\/casabella\/wp-json\/wp\/v2\/pages"}],"about":[{"href":"https:\/\/casabellaitaipava.com.br\/casabella\/wp-json\/wp\/v2\/types\/page"}],"author":[{"embeddable":true,"href":"https:\/\/casabellaitaipava.com.br\/casabella\/wp-json\/wp\/v2\/users\/1"}],"replies":[{"embeddable":true,"href":"https:\/\/casabellaitaipava.com.br\/casabella\/wp-json\/wp\/v2\/comments?post=67"}],"version-history":[{"count":18,"href":"https:\/\/casabellaitaipava.com.br\/casabella\/wp-json\/wp\/v2\/pages\/67\/revisions"}],"predecessor-version":[{"id":304,"href":"https:\/\/casabellaitaipava.com.br\/casabella\/wp-json\/wp\/v2\/pages\/67\/revisions\/304"}],"wp:attachment":[{"href":"https:\/\/casabellaitaipava.com.br\/casabella\/wp-json\/wp\/v2\/media?parent=67"}],"curies":[{"name":"wp","href":"https:\/\/api.w.org\/{rel}","templated":true}]}}