{"id":70,"date":"2023-03-23T16:21:21","date_gmt":"2023-03-23T19:21:21","guid":{"rendered":"https:\/\/casabellaitaipava.com.br\/casabella\/?page_id=70"},"modified":"2023-03-23T16:21:21","modified_gmt":"2023-03-23T19:21:21","slug":"casabella-itaipava","status":"publish","type":"page","link":"https:\/\/casabellaitaipava.com.br\/casabella\/casabella-itaipava\/","title":{"rendered":"Casabella Itaipava"},"content":{"rendered":"<p>Na Casabella Itaipava voc\u00ea encontra o que h\u00e1 de mais moderno no segmento de aquecimento de \u00e1gua e revestimentos de alto padr\u00e3o para pisos e paredes, al\u00e9m de setor especializado do material hidr\u00e1ulico e el\u00e9trico!<\/p>\n","protected":false},"excerpt":{"rendered":"<p>Na Casabella Itaipava voc\u00ea encontra o que h\u00e1 de mais moderno no segmento de aquecimento de \u00e1gua e revestimentos de alto padr\u00e3o para pisos e paredes, al\u00e9m de setor especializado do material hidr\u00e1ulico e el\u00e9trico!<\/p>\n","protected":false},"author":1,"featured_media":0,"parent":0,"menu_order":0,"comment_status":"closed","ping_status":"closed","template":"","meta":{"footnotes":""},"class_list":["post-70","page","type-page","status-publish","hentry"],"_links":{"self":[{"href":"https:\/\/casabellaitaipava.com.br\/casabella\/wp-json\/wp\/v2\/pages\/70","targetHints":{"allow":["GET"]}}],"collection":[{"href":"https:\/\/casabellaitaipava.com.br\/casabella\/wp-json\/wp\/v2\/pages"}],"about":[{"href":"https:\/\/casabellaitaipava.com.br\/casabella\/wp-json\/wp\/v2\/types\/page"}],"author":[{"embeddable":true,"href":"https:\/\/casabellaitaipava.com.br\/casabella\/wp-json\/wp\/v2\/users\/1"}],"replies":[{"embeddable":true,"href":"https:\/\/casabellaitaipava.com.br\/casabella\/wp-json\/wp\/v2\/comments?post=70"}],"version-history":[{"count":1,"href":"https:\/\/casabellaitaipava.com.br\/casabella\/wp-json\/wp\/v2\/pages\/70\/revisions"}],"predecessor-version":[{"id":71,"href":"https:\/\/casabellaitaipava.com.br\/casabella\/wp-json\/wp\/v2\/pages\/70\/revisions\/71"}],"wp:attachment":[{"href":"https:\/\/casabellaitaipava.com.br\/casabella\/wp-json\/wp\/v2\/media?parent=70"}],"curies":[{"name":"wp","href":"https:\/\/api.w.org\/{rel}","templated":true}]}}