{"id":94,"date":"2023-03-24T11:59:28","date_gmt":"2023-03-24T14:59:28","guid":{"rendered":"https:\/\/casabellaitaipava.com.br\/casabella\/?page_id=94"},"modified":"2023-03-24T15:30:57","modified_gmt":"2023-03-24T18:30:57","slug":"principais-parceiros","status":"publish","type":"page","link":"https:\/\/casabellaitaipava.com.br\/casabella\/principais-parceiros\/","title":{"rendered":"Principais Parceiros"},"content":{"rendered":"<div class=\"section section-info\"><div class=\"sec_content_main_title\" style=\"text-align:center; color:#CF8E3A\"><span class=\"sub-title-head\" style=\"text-align:center;\">Principais fornecedores e parceiros da Casabella Itaipava:<\/span>PRINCIPAIS FORNECEDORES<\/div><\/div>\n<p>No setor de revestimentos, a empresa se destaca por disponibilizar tijolos e <strong>cer\u00e2micas r\u00fasticas direto de olarias<\/strong>, resultando nos melhores pre\u00e7os, al\u00e9m da venda de revestimentos de alto padr\u00e3o da Orbis do Brasil, Rinnai, Cer\u00e2mica Santa Alda, Eliane Revestimentos, Elizabeth Revestimentos, Ladrilhos Barbacena, Ninna Martinelli, Lepri Ceramica e Jatob\u00e1 Revestimentos, alem de fabrica\u00e7\u00e3o pr\u00f3pria de material at\u00e9rmico, sob encomenda.<\/p>\n<div class=\"su-custom-gallery su-custom-gallery-align-left su-custom-gallery-title-never\"><div class=\"su-custom-gallery-slide\" style=\"width:140px;height:70px\"><a><img loading=\"lazy\" decoding=\"async\" src=\"https:\/\/casabellaitaipava.com.br\/casabella\/wp-content\/uploads\/2023\/03\/jatoba-140x70.gif\" alt=\"Parceiro Casabella Itaipava\" width=\"140\" height=\"70\" \/><span class=\"su-custom-gallery-title\">Parceiro Casabella Itaipava<\/span><\/a><\/div><div class=\"su-custom-gallery-slide\" style=\"width:140px;height:70px\"><a><img loading=\"lazy\" decoding=\"async\" src=\"https:\/\/casabellaitaipava.com.br\/casabella\/wp-content\/uploads\/2023\/03\/lepri-140x70.gif\" alt=\"Parceiro Casabella Itaipava\" width=\"140\" height=\"70\" \/><span class=\"su-custom-gallery-title\">Parceiro Casabella Itaipava<\/span><\/a><\/div><div class=\"su-custom-gallery-slide\" style=\"width:140px;height:70px\"><a><img loading=\"lazy\" decoding=\"async\" src=\"https:\/\/casabellaitaipava.com.br\/casabella\/wp-content\/uploads\/2023\/03\/nina-140x70.gif\" alt=\"Parceiro Casabella Itaipava\" width=\"140\" height=\"70\" \/><span class=\"su-custom-gallery-title\">Parceiro Casabella Itaipava<\/span><\/a><\/div><div class=\"su-custom-gallery-slide\" style=\"width:140px;height:70px\"><a><img loading=\"lazy\" decoding=\"async\" src=\"https:\/\/casabellaitaipava.com.br\/casabella\/wp-content\/uploads\/2023\/03\/arte-140x70.gif\" alt=\"Parceiro Casabella Itaipava\" width=\"140\" height=\"70\" \/><span class=\"su-custom-gallery-title\">Parceiro Casabella Itaipava<\/span><\/a><\/div><div class=\"su-custom-gallery-slide\" style=\"width:140px;height:70px\"><a><img loading=\"lazy\" decoding=\"async\" src=\"https:\/\/casabellaitaipava.com.br\/casabella\/wp-content\/uploads\/2023\/03\/barbacena-140x70.gif\" alt=\"Parceiro Casabella Itaipava\" width=\"140\" height=\"70\" \/><span class=\"su-custom-gallery-title\">Parceiro Casabella Itaipava<\/span><\/a><\/div><div class=\"su-custom-gallery-slide\" style=\"width:140px;height:70px\"><a><img loading=\"lazy\" decoding=\"async\" src=\"https:\/\/casabellaitaipava.com.br\/casabella\/wp-content\/uploads\/2023\/03\/elizabeth-140x70.gif\" alt=\"Parceiro Casabella Itaipava\" width=\"140\" height=\"70\" \/><span class=\"su-custom-gallery-title\">Parceiro Casabella Itaipava<\/span><\/a><\/div><div class=\"su-custom-gallery-slide\" style=\"width:140px;height:70px\"><a><img loading=\"lazy\" decoding=\"async\" src=\"https:\/\/casabellaitaipava.com.br\/casabella\/wp-content\/uploads\/2023\/03\/eliane-140x70.gif\" alt=\"Parceiro Casabella Itaipava\" width=\"140\" height=\"70\" \/><span class=\"su-custom-gallery-title\">Parceiro Casabella Itaipava<\/span><\/a><\/div><div class=\"su-custom-gallery-slide\" style=\"width:140px;height:70px\"><a><img loading=\"lazy\" decoding=\"async\" src=\"https:\/\/casabellaitaipava.com.br\/casabella\/wp-content\/uploads\/2023\/03\/santa-alda-140x70.gif\" alt=\"Parceiro Casabella Itaipava\" width=\"140\" height=\"70\" \/><span class=\"su-custom-gallery-title\">Parceiro Casabella Itaipava<\/span><\/a><\/div><div class=\"su-custom-gallery-slide\" style=\"width:140px;height:70px\"><a><img loading=\"lazy\" decoding=\"async\" src=\"https:\/\/casabellaitaipava.com.br\/casabella\/wp-content\/uploads\/2023\/03\/rinnai-140x70.gif\" alt=\"Parceiro Casabella Itaipava\" width=\"140\" height=\"70\" \/><span class=\"su-custom-gallery-title\">Parceiro Casabella Itaipava<\/span><\/a><\/div><div class=\"su-custom-gallery-slide\" style=\"width:140px;height:70px\"><a><img loading=\"lazy\" decoding=\"async\" src=\"https:\/\/casabellaitaipava.com.br\/casabella\/wp-content\/uploads\/2023\/03\/orbis-140x70.gif\" alt=\"orbis\" width=\"140\" height=\"70\" \/><span class=\"su-custom-gallery-title\">orbis<\/span><\/a><\/div><div class=\"su-custom-gallery-slide\" style=\"width:140px;height:70px\"><a><img loading=\"lazy\" decoding=\"async\" src=\"https:\/\/casabellaitaipava.com.br\/casabella\/wp-content\/uploads\/2023\/03\/unisol-1-140x70.gif\" alt=\"Parceiro Casabella Itaipava\" width=\"140\" height=\"70\" \/><span class=\"su-custom-gallery-title\">Parceiro Casabella Itaipava<\/span><\/a><\/div><div class=\"su-custom-gallery-slide\" style=\"width:140px;height:70px\"><a><img loading=\"lazy\" decoding=\"async\" src=\"https:\/\/casabellaitaipava.com.br\/casabella\/wp-content\/uploads\/2023\/03\/light-1-140x70.gif\" alt=\"Parceiro Casabella Itaipava\" width=\"140\" height=\"70\" \/><span class=\"su-custom-gallery-title\">Parceiro Casabella Itaipava<\/span><\/a><\/div><div class=\"su-clear\"><\/div><\/div>\n","protected":false},"excerpt":{"rendered":"<p>No setor de revestimentos, a empresa se destaca por disponibilizar tijolos e cer\u00e2micas r\u00fasticas direto de olarias, resultando nos melhores pre\u00e7os, al\u00e9m da venda de revestimentos de alto padr\u00e3o da Orbis do Brasil, Rinnai, Cer\u00e2mica Santa Alda, Eliane Revestimentos, Elizabeth Revestimentos, Ladrilhos Barbacena, Ninna Martinelli, Lepri Ceramica e Jatob\u00e1 Revestimentos, alem de fabrica\u00e7\u00e3o pr\u00f3pria de material at\u00e9rmico, sob encomenda.<\/p>\n","protected":false},"author":1,"featured_media":0,"parent":0,"menu_order":0,"comment_status":"closed","ping_status":"closed","template":"","meta":{"footnotes":""},"class_list":["post-94","page","type-page","status-publish","hentry"],"_links":{"self":[{"href":"https:\/\/casabellaitaipava.com.br\/casabella\/wp-json\/wp\/v2\/pages\/94","targetHints":{"allow":["GET"]}}],"collection":[{"href":"https:\/\/casabellaitaipava.com.br\/casabella\/wp-json\/wp\/v2\/pages"}],"about":[{"href":"https:\/\/casabellaitaipava.com.br\/casabella\/wp-json\/wp\/v2\/types\/page"}],"author":[{"embeddable":true,"href":"https:\/\/casabellaitaipava.com.br\/casabella\/wp-json\/wp\/v2\/users\/1"}],"replies":[{"embeddable":true,"href":"https:\/\/casabellaitaipava.com.br\/casabella\/wp-json\/wp\/v2\/comments?post=94"}],"version-history":[{"count":5,"href":"https:\/\/casabellaitaipava.com.br\/casabella\/wp-json\/wp\/v2\/pages\/94\/revisions"}],"predecessor-version":[{"id":143,"href":"https:\/\/casabellaitaipava.com.br\/casabella\/wp-json\/wp\/v2\/pages\/94\/revisions\/143"}],"wp:attachment":[{"href":"https:\/\/casabellaitaipava.com.br\/casabella\/wp-json\/wp\/v2\/media?parent=94"}],"curies":[{"name":"wp","href":"https:\/\/api.w.org\/{rel}","templated":true}]}}